{"id":439,"date":"2017-12-19T14:41:50","date_gmt":"2017-12-19T14:41:50","guid":{"rendered":"http:\/\/wordpress.creativegigs.net\/faster3\/gradient-bg-copy\/"},"modified":"2021-06-30T18:19:37","modified_gmt":"2021-06-30T18:19:37","slug":"inicio","status":"publish","type":"page","link":"https:\/\/verificaciondecontroles.safetyclub.cl\/","title":{"rendered":"Inicio"},"content":{"rendered":"<p>[vc_row full_width=&#8221;stretch_row_content_no_spaces&#8221;][vc_column]\r\n            <div class=\"partical-bg-wrapper partical-gradient-two\" style=\"background: linear-gradient( 131deg, #f45100 0%, #f28165 100%) !important;\">\r\n        <div class=\"count-particles\">\r\n            <span class=\"js-count-particles\">--<\/span>\r\n        <\/div>\r\n        <div id=\"particles-js-two\"><\/div>\r\n                        <div id=\"theme-main-banner\" class=\"banner-one\">\r\n                <div data-src=\"https:\/\/verificaciondecontroles.safetyclub.cl\/wp-content\/plugins\/aprimo-core\/shortcodes\/images\/slide-transparent.png\">\r\n                    <div class=\"camera_caption\">\r\n                        <div class=\"main-container\">\r\n                            <div class=\"container\">\r\n                                <h5 class=\"wow fadeInUp animated\" style=\"color: #ffffff;\">  <\/h5>\r\n                                <h1 class=\"wow fadeInUp animated\" style=\"color: #ffffff;\"> Verificaci\u00f3n de<br \/>\nControles Cr\u00edticos <\/h1>\r\n                                <p class=\"wow fadeInUp animated\" style=\"color: rgba(255,255,255,0.85);\"> Cuida tus colaboradores y tu operaci\u00f3n.<br \/>\nMonitorea en tiempo real tus Controles Cr\u00edticos. <\/p>\r\n                                                                        <a href=\"https:\/\/apps.apple.com\/cl\/app\/vcc-controles-cr%C3%ADticos\/id1540307709\" class=\"btn1 tran3s wow fadeInLeft animated button-one\" style='background: #252525; color: #ffffff; border-color: #252525;'                                           data-wow-delay=\"0.499s\" target=\"\">\r\n                                            <i class='fa fa-apple' aria-hidden='true'><\/i>App Store                                        <\/a>\r\n                                                                                <a href=\"https:\/\/play.google.com\/store\/apps\/details?id=com.safety.risk_control_management_20\" class=\"btn2 tran3s wow fadeInLeft animated button-one\" style='background: rgba(255,255,255,0.01); color: #ffffff; border-color: #ffffff;'                                           data-wow-delay=\"0.499s\" target=\"\">\r\n                                            <img src='https:\/\/verificaciondecontroles.safetyclub.cl\/wp-content\/uploads\/2017\/11\/2.png' alt=''>Google Play                                        <\/a>\r\n                                                                        <div class=\"image-wrapper wow fadeInUp animated\" data-wow-delay=\"0.75s\"\r\n                                     style=\"width: 43%; top: -70px; right: ; bottom: ; left: ;\">\r\n                                    <img src=\"https:\/\/verificaciondecontroles.safetyclub.cl\/wp-content\/uploads\/2020\/11\/asfdg-1.png\" alt=\"\">\r\n                                <\/div>\r\n                            <\/div>\r\n                        <\/div>\r\n                    <\/div>\r\n                <\/div>\r\n            <\/div>\r\n\r\n        <!-- <\/div> --> <\/div>\r\n    [\/vc_column][\/vc_row][vc_row css=&#8221;.vc_custom_1604520995637{margin-bottom: 90px !important;}&#8221;][vc_column css=&#8221;.vc_custom_1510585033666{padding-top: 0px !important;}&#8221;]\r\n    <div class=\"boost-your-phone\">\r\n        <div class=\"container\">\r\n            <div class=\"row\">\r\n                <div class=\"col-lg-6 col-xs-12 float-right  wow fadeInRight\">\r\n                    <div class=\"text\">\r\n                        <div class=\"theme-title-two\">\r\n                            <h2> Funciones Clave de Nuestra Soluci\u00f3n <\/h2>\r\n                            <p> Nuestra app fue dise\u00f1ada con el objetivo que los ejecutivos y el equipo puedan verificar en terreno el estado de controles cr\u00edticos. <\/p>\r\n                        <\/div> <!-- \/.theme-title-two -->\r\n                        <ul>\r\n                            <li><i class='flaticon-tick'><\/i> Evaluaci\u00f3n simple y guiada sobre c\u00f3mo debe operar el control  <\/li><li><i class='flaticon-tick'><\/i> Gesti\u00f3n del estado del control y del riesgo en tiempo real   <\/li><li><i class='flaticon-tick'><\/i> Dise\u00f1o y mejora de Est\u00e1ndares de Desempe\u00f1o <\/li><li><i class='flaticon-tick'><\/i> Creaci\u00f3n de Planes de acci\u00f3n <\/li><li><i class='flaticon-tick'><\/i> Escalabilidad (riesgos, controles, tipos de usuarios) <\/li><li><i class='flaticon-tick'><\/i> Modalidad online y offline <\/li><li><i class='flaticon-tick'><\/i> APP integrada con Plataforma web <\/li><li><i class='flaticon-tick'><\/i> Dashboard con big data y reportes para la toma de decisiones <\/li>                        <\/ul>\r\n                    <\/div>\r\n                <\/div>\r\n            <\/div>\r\n            <div class=\"boster-image-wrapper  wow fadeInLeft\" style=\"background: \">\r\n                <img src=\"https:\/\/verificaciondecontroles.safetyclub.cl\/wp-content\/plugins\/aprimo-core\/shortcodes\/images\/try.png\" alt=\"\" class=\"try\">\r\n                <input type=\"checkbox\" id=\"ao-toggle\" class=\"ao-toggle\" name=\"ao-toggle\">\r\n                <img src=\"https:\/\/verificaciondecontroles.safetyclub.cl\/wp-content\/uploads\/2020\/11\/sfdbdfdfbf.png\" alt=\"\">\r\n                <div class=\"ao-annotations\">\r\n                    <span style='top:5%; left:32%;'>Evaluaci\u00f3n simple y guiada sobre c\u00f3mo debe operar el control <\/span><span style='top:30%; left:15%;'>Gesti\u00f3n del estado del control y del riesgo en tiempo real  <\/span><span style='top:37%; right:-19%;'>Dise\u00f1o y mejora de Est\u00e1ndares de Desempe\u00f1o<\/span><span style='top:58%; left:70%;'>Creaci\u00f3n de Planes de acci\u00f3n<\/span><span style='bottom:30%; left:0%;'>Escalabilidad (riesgos, controles, tipos de usuarios)<\/span><span style='bottom:30%; left:0%;'>Modalidad online y offline<\/span><span style='bottom:30%; left:0%;'>APP integrada con Plataforma web<\/span><span style='bottom:30%; left:0%;'>Dashboard con big data y reportes para la toma de decisiones<\/span>                <\/div>\r\n            <\/div> <!-- \/.boster-image-wrapper -->\r\n        <\/div> <!-- \/.container -->\r\n    <\/div>\r\n\r\n    [\/vc_column][\/vc_row][vc_row full_width=&#8221;stretch_row&#8221; css=&#8221;.vc_custom_1604519007587{background-color: #f4f4f4 !important;}&#8221;][vc_column][vc_custom_heading text=&#8221;\u00a1Descarga la app!&#8221; font_container=&#8221;tag:h3|text_align:center&#8221; google_fonts=&#8221;font_family:Raleway%3A100%2C200%2C300%2Cregular%2C500%2C600%2C700%2C800%2C900|font_style:800%20bold%20regular%3A800%3Anormal&#8221;][vc_column_text]<\/p>\n<p style=\"text-align: center;\"><a href=\"https:\/\/verificaciondecontroles.safetyclub.cl\/index.php\/privacy-policy\/\">Ver pol\u00edtica de privacidad<\/a><\/p>\n<p>[\/vc_column_text][vc_row_inner][vc_column_inner width=&#8221;1\/2&#8243;][vc_btn title=&#8221;Descargar desde App Store&#8221; style=&#8221;flat&#8221; color=&#8221;black&#8221; size=&#8221;lg&#8221; align=&#8221;center&#8221; i_icon_fontawesome=&#8221;fa fa-apple&#8221; add_icon=&#8221;true&#8221; link=&#8221;url:https%3A%2F%2Fapps.apple.com%2Fcl%2Fapp%2Fvcc-controles-cr%25C3%25ADticos%2Fid1540307709|||&#8221;][vc_empty_space][\/vc_column_inner][vc_column_inner width=&#8221;1\/2&#8243;][vc_btn title=&#8221;Descargar desde Google Play&#8221; style=&#8221;flat&#8221; color=&#8221;white&#8221; size=&#8221;lg&#8221; align=&#8221;center&#8221; i_icon_fontawesome=&#8221;fa fa-play&#8221; add_icon=&#8221;true&#8221; link=&#8221;url:https%3A%2F%2Fplay.google.com%2Fstore%2Fapps%2Fdetails%3Fid%3Dcom.safety.risk_control_management_20|||&#8221;][vc_empty_space][\/vc_column_inner][\/vc_row_inner][\/vc_column][\/vc_row][vc_row css=&#8221;.vc_custom_1604519423301{margin-top: 80px !important;}&#8221;][vc_column css=&#8221;.vc_custom_1510585050252{padding-top: 0px !important;}&#8221;]\r\n    <div class=\"contact-us-section\">\r\n        <div class=\"row\">\r\n            <div class=\"col-md-5 col-xs-12 pull-right\">\r\n                <address class=\"contact-address\">\r\n                    <div class=\"theme-title-one\">\r\n                        <h6> Cont\u00e1ctanos <\/h6>\r\n                        <h2> Escr\u00edbenos si necesitas soporte o tienes alguna duda <\/h2>\r\n                    <\/div> <!-- \/.theme-title -->\r\n                    <a class=\"tran3s call\" href=\"mailto:contacto@safetyclub.cl\">contacto@safetyclub.cl<\/a>                <\/address> <!-- \/.contact-address -->\r\n            <\/div>\r\n            <div id=\"contact-form\" class=\"col-md-7 col-xs-12\">\r\n                <form action=\"#contact-form\" method=\"post\" class=\"contact-us-form form-validation\" auto-complete=\"off\">\r\n                    <input type=\"email\" placeholder=\"Email Address*\" name=\"email\">\r\n                    <input type=\"text\" placeholder=\"Subject*\" name=\"sub\">\r\n                    <textarea placeholder=\"Your Message*\" name=\"message\"><\/textarea>\r\n                    <div class=\"theme-button\">\r\n                        <span><\/span>\r\n                        <input type=\"submit\" name=\"contact_submit\" value=\"\u00a1Enviar!\">\r\n                    <\/div>\r\n                <\/form>\r\n            <\/div> <!-- \/.col- -->\r\n        <\/div> <!-- \/.row -->\r\n    <\/div>\r\n\r\n    [vc_empty_space][\/vc_column][\/vc_row]<\/p>\n","protected":false},"excerpt":{"rendered":"<p>[vc_row full_width=&#8221;stretch_row_content_no_spaces&#8221;][vc_column][\/vc_column][\/vc_row][vc_row css=&#8221;.vc_custom_1604520995637{margin-bottom: 90px !important;}&#8221;][vc_column css=&#8221;.vc_custom_1510585033666{padding-top: 0px !important;}&#8221;][\/vc_column][\/vc_row][vc_row full_width=&#8221;stretch_row&#8221; css=&#8221;.vc_custom_1604519007587{background-color: #f4f4f4 !important;}&#8221;][vc_column][vc_custom_heading text=&#8221;\u00a1Descarga la app!&#8221; font_container=&#8221;tag:h3|text_align:center&#8221; google_fonts=&#8221;font_family:Raleway%3A100%2C200%2C300%2Cregular%2C500%2C600%2C700%2C800%2C900|font_style:800%20bold%20regular%3A800%3Anormal&#8221;][vc_column_text] Ver pol\u00edtica de privacidad [\/vc_column_text][vc_row_inner][vc_column_inner width=&#8221;1\/2&#8243;][vc_btn title=&#8221;Descargar desde App Store&#8221; style=&#8221;flat&#8221; color=&#8221;black&#8221; size=&#8221;lg&#8221; align=&#8221;center&#8221; i_icon_fontawesome=&#8221;fa fa-apple&#8221; add_icon=&#8221;true&#8221; link=&#8221;url:https%3A%2F%2Fapps.apple.com%2Fcl%2Fapp%2Fvcc-controles-cr%25C3%25ADticos%2Fid1540307709|||&#8221;][vc_empty_space][\/vc_column_inner][vc_column_inner width=&#8221;1\/2&#8243;][vc_btn title=&#8221;Descargar desde Google Play&#8221; style=&#8221;flat&#8221; color=&#8221;white&#8221; size=&#8221;lg&#8221; align=&#8221;center&#8221; i_icon_fontawesome=&#8221;fa fa-play&#8221; add_icon=&#8221;true&#8221; link=&#8221;url:https%3A%2F%2Fplay.google.com%2Fstore%2Fapps%2Fdetails%3Fid%3Dcom.safety.risk_control_management_20|||&#8221;][vc_empty_space][\/vc_column_inner][\/vc_row_inner][\/vc_column][\/vc_row][vc_row css=&#8221;.vc_custom_1604519423301{margin-top: 80px !important;}&#8221;][vc_column css=&#8221;.vc_custom_1510585050252{padding-top: 0px !important;}&#8221;][vc_empty_space][\/vc_column][\/vc_row]<\/p>\n","protected":false},"author":1,"featured_media":0,"parent":0,"menu_order":0,"comment_status":"closed","ping_status":"closed","template":"","meta":[],"_links":{"self":[{"href":"https:\/\/verificaciondecontroles.safetyclub.cl\/index.php\/wp-json\/wp\/v2\/pages\/439"}],"collection":[{"href":"https:\/\/verificaciondecontroles.safetyclub.cl\/index.php\/wp-json\/wp\/v2\/pages"}],"about":[{"href":"https:\/\/verificaciondecontroles.safetyclub.cl\/index.php\/wp-json\/wp\/v2\/types\/page"}],"author":[{"embeddable":true,"href":"https:\/\/verificaciondecontroles.safetyclub.cl\/index.php\/wp-json\/wp\/v2\/users\/1"}],"replies":[{"embeddable":true,"href":"https:\/\/verificaciondecontroles.safetyclub.cl\/index.php\/wp-json\/wp\/v2\/comments?post=439"}],"version-history":[{"count":17,"href":"https:\/\/verificaciondecontroles.safetyclub.cl\/index.php\/wp-json\/wp\/v2\/pages\/439\/revisions"}],"predecessor-version":[{"id":487,"href":"https:\/\/verificaciondecontroles.safetyclub.cl\/index.php\/wp-json\/wp\/v2\/pages\/439\/revisions\/487"}],"wp:attachment":[{"href":"https:\/\/verificaciondecontroles.safetyclub.cl\/index.php\/wp-json\/wp\/v2\/media?parent=439"}],"curies":[{"name":"wp","href":"https:\/\/api.w.org\/{rel}","templated":true}]}}